{"id":161,"date":"2025-11-04T14:03:01","date_gmt":"2025-11-04T14:03:01","guid":{"rendered":"https:\/\/www.zdenekvirt.cz\/?page_id=161"},"modified":"2025-11-12T06:20:20","modified_gmt":"2025-11-12T06:20:20","slug":"pametni-deska","status":"publish","type":"page","link":"https:\/\/www.zdenekvirt.cz\/?page_id=161","title":{"rendered":"Pam\u011btn\u00ed deska"},"content":{"rendered":"\n<p>Dne 2.11.2025 byla slavnostn\u011b odhalena pam\u011btn\u00ed deska mal\u00ed\u0159i a fotografu Zde\u0148ku Virtovi na dom\u011b U akademie 11, Praha 7, kde \u017eil a tvo\u0159il .<\/p>\n\n\n\n<figure class=\"wp-block-image size-large\"><img loading=\"lazy\" decoding=\"async\" width=\"1024\" height=\"683\" src=\"https:\/\/www.zdenekvirt.cz\/wp-content\/uploads\/2025\/11\/pametni-deska-1024x683.jpg\" alt=\"\" class=\"wp-image-164\" srcset=\"https:\/\/www.zdenekvirt.cz\/wp-content\/uploads\/2025\/11\/pametni-deska-1024x683.jpg 1024w, https:\/\/www.zdenekvirt.cz\/wp-content\/uploads\/2025\/11\/pametni-deska-300x200.jpg 300w, https:\/\/www.zdenekvirt.cz\/wp-content\/uploads\/2025\/11\/pametni-deska-768x512.jpg 768w, https:\/\/www.zdenekvirt.cz\/wp-content\/uploads\/2025\/11\/pametni-deska-1536x1024.jpg 1536w, https:\/\/www.zdenekvirt.cz\/wp-content\/uploads\/2025\/11\/pametni-deska.jpg 1560w\" sizes=\"auto, (max-width: 1024px) 100vw, 1024px\" \/><\/figure>\n\n\n\n<figure class=\"wp-block-image size-large\"><img loading=\"lazy\" decoding=\"async\" width=\"1024\" height=\"683\" src=\"https:\/\/www.zdenekvirt.cz\/wp-content\/uploads\/2025\/11\/odhaleni-1024x683.jpg\" alt=\"\" class=\"wp-image-166\" srcset=\"https:\/\/www.zdenekvirt.cz\/wp-content\/uploads\/2025\/11\/odhaleni-1024x683.jpg 1024w, https:\/\/www.zdenekvirt.cz\/wp-content\/uploads\/2025\/11\/odhaleni-300x200.jpg 300w, https:\/\/www.zdenekvirt.cz\/wp-content\/uploads\/2025\/11\/odhaleni-768x512.jpg 768w, https:\/\/www.zdenekvirt.cz\/wp-content\/uploads\/2025\/11\/odhaleni-1536x1024.jpg 1536w, https:\/\/www.zdenekvirt.cz\/wp-content\/uploads\/2025\/11\/odhaleni.jpg 1560w\" sizes=\"auto, (max-width: 1024px) 100vw, 1024px\" \/><\/figure>\n\n\n\n<figure class=\"wp-block-image size-large\"><img loading=\"lazy\" decoding=\"async\" width=\"1024\" height=\"676\" src=\"https:\/\/www.zdenekvirt.cz\/wp-content\/uploads\/2025\/11\/ucastnici-1024x676.jpg\" alt=\"\" class=\"wp-image-167\" srcset=\"https:\/\/www.zdenekvirt.cz\/wp-content\/uploads\/2025\/11\/ucastnici-1024x676.jpg 1024w, https:\/\/www.zdenekvirt.cz\/wp-content\/uploads\/2025\/11\/ucastnici-300x198.jpg 300w, https:\/\/www.zdenekvirt.cz\/wp-content\/uploads\/2025\/11\/ucastnici-768x507.jpg 768w, https:\/\/www.zdenekvirt.cz\/wp-content\/uploads\/2025\/11\/ucastnici.jpg 1440w\" sizes=\"auto, (max-width: 1024px) 100vw, 1024px\" \/><\/figure>\n\n\n\n<figure class=\"wp-block-image size-large\"><img loading=\"lazy\" decoding=\"async\" width=\"1024\" height=\"633\" src=\"https:\/\/www.zdenekvirt.cz\/wp-content\/uploads\/2025\/11\/Xenie-1024x633.jpg\" alt=\"\" class=\"wp-image-168\" srcset=\"https:\/\/www.zdenekvirt.cz\/wp-content\/uploads\/2025\/11\/Xenie-1024x633.jpg 1024w, https:\/\/www.zdenekvirt.cz\/wp-content\/uploads\/2025\/11\/Xenie-300x186.jpg 300w, https:\/\/www.zdenekvirt.cz\/wp-content\/uploads\/2025\/11\/Xenie-768x475.jpg 768w, https:\/\/www.zdenekvirt.cz\/wp-content\/uploads\/2025\/11\/Xenie-1536x950.jpg 1536w, https:\/\/www.zdenekvirt.cz\/wp-content\/uploads\/2025\/11\/Xenie.jpg 1560w\" sizes=\"auto, (max-width: 1024px) 100vw, 1024px\" \/><\/figure>\n\n\n\n<figure class=\"wp-block-image size-large\"><img loading=\"lazy\" decoding=\"async\" width=\"1024\" height=\"555\" src=\"https:\/\/www.zdenekvirt.cz\/wp-content\/uploads\/2025\/11\/dav-1024x555.jpg\" alt=\"\" class=\"wp-image-169\" srcset=\"https:\/\/www.zdenekvirt.cz\/wp-content\/uploads\/2025\/11\/dav-1024x555.jpg 1024w, https:\/\/www.zdenekvirt.cz\/wp-content\/uploads\/2025\/11\/dav-300x163.jpg 300w, https:\/\/www.zdenekvirt.cz\/wp-content\/uploads\/2025\/11\/dav-768x416.jpg 768w, https:\/\/www.zdenekvirt.cz\/wp-content\/uploads\/2025\/11\/dav-1536x832.jpg 1536w, https:\/\/www.zdenekvirt.cz\/wp-content\/uploads\/2025\/11\/dav.jpg 1560w\" sizes=\"auto, (max-width: 1024px) 100vw, 1024px\" \/><\/figure>\n","protected":false},"excerpt":{"rendered":"<p>Dne 2.11.2025 byla slavnostn\u011b odhalena pam\u011btn\u00ed deska mal\u00ed\u0159i a fotografu Zde\u0148ku Virtovi na dom\u011b U akademie 11, Praha 7, kde \u017eil a tvo\u0159il .<\/p>\n","protected":false},"author":1,"featured_media":0,"parent":0,"menu_order":0,"comment_status":"closed","ping_status":"closed","template":"","meta":{"ngg_post_thumbnail":0,"footnotes":""},"class_list":["post-161","page","type-page","status-publish","hentry"],"_links":{"self":[{"href":"https:\/\/www.zdenekvirt.cz\/index.php?rest_route=\/wp\/v2\/pages\/161","targetHints":{"allow":["GET"]}}],"collection":[{"href":"https:\/\/www.zdenekvirt.cz\/index.php?rest_route=\/wp\/v2\/pages"}],"about":[{"href":"https:\/\/www.zdenekvirt.cz\/index.php?rest_route=\/wp\/v2\/types\/page"}],"author":[{"embeddable":true,"href":"https:\/\/www.zdenekvirt.cz\/index.php?rest_route=\/wp\/v2\/users\/1"}],"replies":[{"embeddable":true,"href":"https:\/\/www.zdenekvirt.cz\/index.php?rest_route=%2Fwp%2Fv2%2Fcomments&post=161"}],"version-history":[{"count":4,"href":"https:\/\/www.zdenekvirt.cz\/index.php?rest_route=\/wp\/v2\/pages\/161\/revisions"}],"predecessor-version":[{"id":172,"href":"https:\/\/www.zdenekvirt.cz\/index.php?rest_route=\/wp\/v2\/pages\/161\/revisions\/172"}],"wp:attachment":[{"href":"https:\/\/www.zdenekvirt.cz\/index.php?rest_route=%2Fwp%2Fv2%2Fmedia&parent=161"}],"curies":[{"name":"wp","href":"https:\/\/api.w.org\/{rel}","templated":true}]}}